{"id":11,"date":"2015-11-22T23:33:04","date_gmt":"2015-11-22T22:33:04","guid":{"rendered":"http:\/\/metodysci.katowice.pl\/kem-tymczasowy\/?page_id=11"},"modified":"2015-11-23T23:07:35","modified_gmt":"2015-11-23T22:07:35","slug":"nabozenstwa","status":"publish","type":"page","link":"http:\/\/metodysci.katowice.pl\/kem\/nabozenstwa\/","title":{"rendered":"Nabo\u017ce\u0144stwa"},"content":{"rendered":"<p>Nasze nabo\u017ce\u0144stwa maj\u0105 skromn\u0105 form\u0119, spotykamy si\u0119 w niedziele o godz. 10:00 by wsp\u00f3lnie \u015bpiewa\u0107 Bogu i ws\u0142uchiwa\u0107 si\u0119 w Jego S\u0142owo. Przewa\u017cnie w pierwsz\u0105 niedziel\u0119 miesi\u0105ca mamy Wieczerz\u0119 Pa\u0144sk\u0105, na kt\u00f3rej wspominamy \u015bmier\u0107 Chrystusa i karmimy si\u0119 Jego cia\u0142em i krwi\u0105. W naszych nabo\u017ce\u0144stwach staramy si\u0119 by\u0107 Ko\u015bcio\u0142em \u015brodka, \u0142\u0105cz\u0105cym tradycj\u0119 Ko\u015bcio\u0142\u00f3w historycznych ze wsp\u00f3\u0142czesnymi formami pobo\u017cno\u015bci.<\/p>\n<p>W pi\u0105tki o godz. 16:30 mamy Godzin\u0119 Biblijn\u0105 na kt\u00f3rej rozwa\u017camy S\u0142owo Bo\u017ce i dzielimy si\u0119 tym co Pan B\u00f3g czyni w naszym \u017cyciu.<\/p>\n<p>Co dwa tygodnie w \u015brody o 19:30 mamy spotkania student\u00f3w i m\u0142odzie\u017cy pracuj\u0105cej.<\/p>\n<p>Wed\u0142ug og\u0142osze\u0144 w czwartki o 18:00 odbywaj\u0105 si\u0119 spotkania modlitewne.<\/p>\n<p>Szk\u00f3\u0142ka niedzielna zawsze podczas niedzielnych nabo\u017ce\u0144stw.<\/p>\n<p>Przy naszej parafii odbywaj\u0105 si\u0119 r\u00f3wnie\u017c zaj\u0119cia przedkonfirmacyjne i pr\u00f3by ch\u00f3ru.<\/p>\n","protected":false},"excerpt":{"rendered":"<p>Nasze nabo\u017ce\u0144stwa maj\u0105 skromn\u0105 form\u0119, spotykamy si\u0119 w niedziele o godz. 10:00 by wsp\u00f3lnie \u015bpiewa\u0107 Bogu i ws\u0142uchiwa\u0107 si\u0119 w Jego S\u0142owo. Przewa\u017cnie w pierwsz\u0105 niedziel\u0119 miesi\u0105ca mamy Wieczerz\u0119 Pa\u0144sk\u0105, na kt\u00f3rej wspominamy \u015bmier\u0107 Chrystusa i karmimy si\u0119 Jego cia\u0142em i krwi\u0105. W naszych nabo\u017ce\u0144stwach staramy si\u0119 by\u0107 Ko\u015bcio\u0142em \u015brodka, \u0142\u0105cz\u0105cym tradycj\u0119 Ko\u015bcio\u0142\u00f3w historycznych ze [&hellip;]<\/p>\n","protected":false},"author":3,"featured_media":0,"parent":0,"menu_order":20,"comment_status":"closed","ping_status":"closed","template":"","meta":{"ngg_post_thumbnail":0,"footnotes":""},"_links":{"self":[{"href":"http:\/\/metodysci.katowice.pl\/kem\/wp-json\/wp\/v2\/pages\/11"}],"collection":[{"href":"http:\/\/metodysci.katowice.pl\/kem\/wp-json\/wp\/v2\/pages"}],"about":[{"href":"http:\/\/metodysci.katowice.pl\/kem\/wp-json\/wp\/v2\/types\/page"}],"author":[{"embeddable":true,"href":"http:\/\/metodysci.katowice.pl\/kem\/wp-json\/wp\/v2\/users\/3"}],"replies":[{"embeddable":true,"href":"http:\/\/metodysci.katowice.pl\/kem\/wp-json\/wp\/v2\/comments?post=11"}],"version-history":[{"count":1,"href":"http:\/\/metodysci.katowice.pl\/kem\/wp-json\/wp\/v2\/pages\/11\/revisions"}],"predecessor-version":[{"id":12,"href":"http:\/\/metodysci.katowice.pl\/kem\/wp-json\/wp\/v2\/pages\/11\/revisions\/12"}],"wp:attachment":[{"href":"http:\/\/metodysci.katowice.pl\/kem\/wp-json\/wp\/v2\/media?parent=11"}],"curies":[{"name":"wp","href":"https:\/\/api.w.org\/{rel}","templated":true}]}}