{"id":13,"date":"2015-11-22T23:33:55","date_gmt":"2015-11-22T22:33:55","guid":{"rendered":"http:\/\/metodysci.katowice.pl\/kem-tymczasowy\/?page_id=13"},"modified":"2017-01-12T12:07:50","modified_gmt":"2017-01-12T11:07:50","slug":"kontakt","status":"publish","type":"page","link":"http:\/\/metodysci.katowice.pl\/kem\/kontakt\/","title":{"rendered":"Kontakt"},"content":{"rendered":"<p><strong>Ko\u015bci\u00f3\u0142 Ewangelicko-Metodystyczny<\/strong><\/p>\n<p style=\"padding-left: 30px;\">Zb\u00f3r <em>Nowego Przymierza<br \/>\n<\/em>ul.Reymonta 4<br \/>\n40-029 Katowice<\/p>\n<p style=\"padding-left: 30px;\">tel. (32) 256 13 00<\/p>\n<p style=\"padding-left: 30px;\">e-mail: <a href=\"mailto:dabw@poczta.onet.pl\">dabw@poczta.onet.pl<\/a><\/p>\n<p style=\"padding-left: 30px;\">www: <a href=\"http:\/\/metodysci.katowice.pl\/kem\">metodysci.katowice.pl\/kem<\/a><\/p>\n<p style=\"padding-left: 30px;\">konto Parafii: ING Bank \u015al\u0105ski <strong>71 1050 1214 1000 0022 7357 0578 &nbsp;<\/strong><\/p>\n<p>Zapraszamy tak\u017ce do kontaktu poprzez <em><a href=\"http:\/\/metodysci.katowice.pl\/kem\/kontakt\/#formularz\">Formularz kontaktowy.<\/a><\/em><\/p>\n<p><strong>Lokalizacja parafii:<\/strong><\/p>\n<p><iframe loading=\"lazy\" style=\"border: 0;\" src=\"https:\/\/www.google.com\/maps\/embed?pb=!1m18!1m12!1m3!1d1275.4858017654194!2d19.026419414068794!3d50.255114643351675!2m3!1f0!2f0!3f0!3m2!1i1024!2i768!4f13.1!3m3!1m2!1s0x4716ce4a33d1e3ab%3A0xbf8d5905b280a351!2sReymonta+4!5e0!3m2!1spl!2spl!4v1448274957153\" width=\"600\" height=\"450\" frameborder=\"0\" allowfullscreen=\"allowfullscreen\"><\/iframe><\/p>\n<p><a id=\"formularz\"><\/a><br \/>\n\n\n<!-- Fast Secure Contact Form plugin 4.0.52 - begin - FastSecureContactForm.com -->\n<div style=\"clear:both;\"><\/div>\n<p><i>Poni\u017cszy formularz prosimy wype\u0142ni\u0107 prawdziwymi danymi aby\u015bmy mogli si\u0119 z Pa\u0144stwem skontaktowa\u0107.<\/i><\/p>\n<div id=\"FSContact1\" style=\"width:99%; max-width:555px;\">\n<form action=\"http:\/\/metodysci.katowice.pl\/kem\/wp-json\/wp\/v2\/pages\/13#FSContact1\" id=\"fscf_form1\" method=\"post\">\n<fieldset id=\"fscf_form_fieldset1\" style=\"border:1px solid black; width:99%; max-width:550px; padding:10px;\">\n<legend>Formularz kontaktowy<\/legend>\n\n<div id=\"fscf_required1\">\n  <span style=\"text-align:left;\">*<\/span> <span style=\"text-align:left;\">oznacza pole wymagane<\/span>\n<\/div>\n\n\n<div id=\"fscf_div_clear1_0\" style=\"clear:both;\">\n  <div id=\"fscf_div_field1_0\" style=\"clear:left; float:left; width:99%; max-width:550px; margin-right:10px;\">\n    <div style=\"text-align:left; padding-top:5px;\">\n      <label style=\"text-align:left;\" for=\"fscf_name1\">Imi\u0119 i nazwisko<span style=\"text-align:left;\">*<\/span><\/label>\n    <\/div>\n    <div style=\"text-align:left; padding-top:5px;\">\n      <input style=\"text-align:left; margin:0; width:99%; max-width:350px;\" type=\"text\" id=\"fscf_name1\" name=\"full_name\" value=\"\"  \/>\n    <\/div>\n  <\/div>\n<\/div>\n\n<div id=\"fscf_div_clear1_1\" style=\"clear:both;\">\n  <div id=\"fscf_div_field1_1\" style=\"clear:left; float:left; width:99%; max-width:550px; margin-right:10px;\">\n    <div style=\"text-align:left; padding-top:5px;\">\n      <label style=\"text-align:left;\" for=\"fscf_email1\">e-mail<span style=\"text-align:left;\">*<\/span><\/label>\n    <\/div>\n    <div style=\"text-align:left; padding-top:5px;\">\n      <input style=\"text-align:left; margin:0; width:99%; max-width:350px;\" type=\"text\" id=\"fscf_email1\" name=\"email\" value=\"\"  \/>\n    <\/div>\n  <\/div>\n<\/div>\n\n<div id=\"fscf_div_clear1_2\" style=\"clear:both;\">\n  <div id=\"fscf_div_field1_2\" style=\"clear:left; float:left; width:99%; max-width:550px; margin-right:10px;\">\n    <div style=\"text-align:left; padding-top:5px;\">\n      <label style=\"text-align:left;\" for=\"fscf_field1_2\">Temat<span style=\"text-align:left;\">*<\/span><\/label>\n    <\/div>\n    <div style=\"text-align:left; padding-top:5px;\">\n      <input style=\"text-align:left; margin:0; width:99%; max-width:350px;\" type=\"text\" id=\"fscf_field1_2\" name=\"subject\" value=\"\"  \/>\n    <\/div>\n  <\/div>\n<\/div>\n\n<div id=\"fscf_div_clear1_3\" style=\"clear:both;\">\n  <div id=\"fscf_div_field1_3\" style=\"clear:left; float:left; width:99%; max-width:550px; margin-right:10px;\">\n    <div style=\"text-align:left; padding-top:5px;\">\n      <label style=\"text-align:left;\" for=\"fscf_field1_3\">Wiadomo\u015b\u0107<span style=\"text-align:left;\">*<\/span><\/label>\n    <\/div>\n    <div style=\"text-align:left; padding-top:5px;\">\n      <textarea style=\"text-align:left; margin:0; width:99%; max-width:350px; height:120px;\" id=\"fscf_field1_3\" name=\"message\" cols=\"30\" rows=\"10\" ><\/textarea>\n    <\/div>\n  <\/div>\n<\/div>\n\n<div id=\"fscf_div_clear1_4\" style=\"clear:both;\">\n  <div id=\"fscf_div_field1_4\" style=\"clear:left; float:left; width:99%; max-width:550px; margin-right:10px;\">\n    <div  id=\"fscf_label1_4\" style=\"text-align:left; padding-top:5px;\">\n      <label style=\"text-align:left;\" for=\"fscf_field1_4\">Nr telefonu:<\/label>\n    <\/div>\n    <div style=\"text-align:left; padding-top:5px;\">\n      <input style=\"text-align:left; margin:0; width:99%; max-width:350px;\" type=\"text\" id=\"fscf_field1_4\" name=\"Nr-telefonu\" value=\"\"  \/>\n    <\/div>\n  <\/div>\n<\/div>\n<div style=\"clear:both;\"><\/div>\n\n<div style=\"text-align:left; padding-top:5px;\">\n<\/div>\n<div id=\"fscf_recaptcha1\"><\/div>\n        \n<div style=\"display:none;\">\n     <label for=\"firstname1\"><small>Leave this field empty<\/small><\/label>\n     <input type=\"text\" name=\"firstname\" id=\"firstname1\" value=\"\" \/>\n<\/div>\n\n<div id=\"fscf_submit_div1\" style=\"text-align:left; clear:both; padding-top:15px;\">\n\t\t<input type=\"submit\" id=\"fscf_submit1\" style=\"cursor:pointer; margin:0;\" value=\"Prze\u015blij\"  onclick=\"this.disabled=true; this.value='Przesy\u0142anie...'; this.form.submit();\" \/> <input type=\"reset\" id=\"fscf_reset1\" style=\"cursor:pointer; margin:0;\" value=\"Wyczy\u015b\u0107\" onclick=\"return confirm('Do you really want to reset the form?')\" \/>\n<\/div>\n<\/fieldset>\n\n<input type=\"hidden\" name=\"fscf_submitted\" value=\"0\" \/>\n<input type=\"hidden\" name=\"fs_postonce_1\" value=\"0778abe64546f45448790bbbcf422e5a,1776527096\" \/>\n<input type=\"hidden\" name=\"si_contact_action\" value=\"send\" \/>\n<input type=\"hidden\" name=\"form_id\" value=\"1\" \/>\n<input type=\"hidden\" name=\"mailto_id\" value=\"1\" \/>\n\n<\/form>\n<\/div>\n<div style=\"clear:both;\"><\/div>\n\n<!-- Fast Secure Contact Form plugin 4.0.52 - end - FastSecureContactForm.com -->\n<\/p>\n","protected":false},"excerpt":{"rendered":"<p>Ko\u015bci\u00f3\u0142 Ewangelicko-Metodystyczny Zb\u00f3r Nowego Przymierza ul.Reymonta 4 40-029 Katowice tel. (32) 256 13 00 e-mail: dabw@poczta.onet.pl www: metodysci.katowice.pl\/kem konto Parafii: ING Bank \u015al\u0105ski 71 1050 1214 1000 0022 7357 0578 &nbsp; Zapraszamy tak\u017ce do kontaktu poprzez Formularz kontaktowy. Lokalizacja parafii:<\/p>\n","protected":false},"author":3,"featured_media":0,"parent":0,"menu_order":100,"comment_status":"closed","ping_status":"closed","template":"","meta":{"ngg_post_thumbnail":0,"footnotes":""},"_links":{"self":[{"href":"http:\/\/metodysci.katowice.pl\/kem\/wp-json\/wp\/v2\/pages\/13"}],"collection":[{"href":"http:\/\/metodysci.katowice.pl\/kem\/wp-json\/wp\/v2\/pages"}],"about":[{"href":"http:\/\/metodysci.katowice.pl\/kem\/wp-json\/wp\/v2\/types\/page"}],"author":[{"embeddable":true,"href":"http:\/\/metodysci.katowice.pl\/kem\/wp-json\/wp\/v2\/users\/3"}],"replies":[{"embeddable":true,"href":"http:\/\/metodysci.katowice.pl\/kem\/wp-json\/wp\/v2\/comments?post=13"}],"version-history":[{"count":11,"href":"http:\/\/metodysci.katowice.pl\/kem\/wp-json\/wp\/v2\/pages\/13\/revisions"}],"predecessor-version":[{"id":2492,"href":"http:\/\/metodysci.katowice.pl\/kem\/wp-json\/wp\/v2\/pages\/13\/revisions\/2492"}],"wp:attachment":[{"href":"http:\/\/metodysci.katowice.pl\/kem\/wp-json\/wp\/v2\/media?parent=13"}],"curies":[{"name":"wp","href":"https:\/\/api.w.org\/{rel}","templated":true}]}}