{"id":6,"date":"2015-11-22T23:30:34","date_gmt":"2015-11-22T22:30:34","guid":{"rendered":"http:\/\/metodysci.katowice.pl\/kem-tymczasowy\/?page_id=6"},"modified":"2020-05-27T15:25:31","modified_gmt":"2020-05-27T13:25:31","slug":"aktualnosci","status":"publish","type":"page","link":"http:\/\/metodysci.katowice.pl\/kem\/","title":{"rendered":"Aktualno\u015bci"},"content":{"rendered":"<p>Witamy Ci\u0119 w imieniu Jezusa Chrystusa!<\/p>\n<p>Bardzo cieszymy si\u0119, \u017ce jeste\u015b na naszej stronie. Mamy nadziej\u0119, \u017ce znajdziesz na niej informacje, kt\u00f3rych szukasz. Najlepszym sposobem na poznanie naszej spo\u0142eczno\u015bci jest wsp\u00f3lna modlitwa, na kt\u00f3r\u0105 Ci\u0119 serdecznie zapraszamy!<\/p>\n<p>&nbsp;<\/p>\n<p><img loading=\"lazy\" decoding=\"async\" class=\"wp-image-2494 aligncenter\" src=\"http:\/\/metodysci.katowice.pl\/kem\/wp-content\/uploads\/2015\/11\/zdjecie-ko\u015b-300x225.jpg\" alt=\"\" width=\"547\" height=\"411\"><\/p>\n<p>&nbsp;<\/p>\n","protected":false},"excerpt":{"rendered":"<p>Witamy Ci\u0119 w imieniu Jezusa Chrystusa! Bardzo cieszymy si\u0119, \u017ce jeste\u015b na naszej stronie. Mamy nadziej\u0119, \u017ce znajdziesz na niej informacje, kt\u00f3rych szukasz. Najlepszym sposobem na poznanie naszej spo\u0142eczno\u015bci jest wsp\u00f3lna modlitwa, na kt\u00f3r\u0105 Ci\u0119 serdecznie zapraszamy! &nbsp; &nbsp;<\/p>\n","protected":false},"author":3,"featured_media":0,"parent":0,"menu_order":0,"comment_status":"closed","ping_status":"closed","template":"","meta":{"ngg_post_thumbnail":0,"footnotes":""},"_links":{"self":[{"href":"http:\/\/metodysci.katowice.pl\/kem\/wp-json\/wp\/v2\/pages\/6"}],"collection":[{"href":"http:\/\/metodysci.katowice.pl\/kem\/wp-json\/wp\/v2\/pages"}],"about":[{"href":"http:\/\/metodysci.katowice.pl\/kem\/wp-json\/wp\/v2\/types\/page"}],"author":[{"embeddable":true,"href":"http:\/\/metodysci.katowice.pl\/kem\/wp-json\/wp\/v2\/users\/3"}],"replies":[{"embeddable":true,"href":"http:\/\/metodysci.katowice.pl\/kem\/wp-json\/wp\/v2\/comments?post=6"}],"version-history":[{"count":17,"href":"http:\/\/metodysci.katowice.pl\/kem\/wp-json\/wp\/v2\/pages\/6\/revisions"}],"predecessor-version":[{"id":2966,"href":"http:\/\/metodysci.katowice.pl\/kem\/wp-json\/wp\/v2\/pages\/6\/revisions\/2966"}],"wp:attachment":[{"href":"http:\/\/metodysci.katowice.pl\/kem\/wp-json\/wp\/v2\/media?parent=6"}],"curies":[{"name":"wp","href":"https:\/\/api.w.org\/{rel}","templated":true}]}}