{"id":8,"date":"2015-11-22T23:32:12","date_gmt":"2015-11-22T22:32:12","guid":{"rendered":"http:\/\/metodysci.katowice.pl\/kem-tymczasowy\/?page_id=8"},"modified":"2018-01-07T15:43:04","modified_gmt":"2018-01-07T14:43:04","slug":"o-nas","status":"publish","type":"page","link":"http:\/\/metodysci.katowice.pl\/kem\/o-nas\/","title":{"rendered":"O nas"},"content":{"rendered":"<p style=\"text-align: center;\">Kim jeste\u015bmy?<\/p>\n<p>Jeste\u015bmy Wsp\u00f3lnot\u0105, kt\u00f3ra pragnie prze\u017cywa\u0107 i dzieli\u0107 si\u0119 do\u015bwiadczeniem mi\u0142o\u015bci naszego Zbawiciela Jezusa Chrystusa. Do\u015bwiadczyli\u015bmy cudownej \u0142aski na kt\u00f3r\u0105 nikt z nas nie zas\u0142u\u017cy\u0142, dlatego chcemy czyni\u0107 to, do czego wzywa nas S\u0142owo Bo\u017ce. Zgodnie z&nbsp;poleceniem Jezusa mamy kocha\u0107 Pana Boga ca\u0142ym naszym sercem, ca\u0142\u0105 nasz\u0105 dusz\u0105, ca\u0142ym swoim umys\u0142em i ca\u0142\u0105 swoj\u0105 moc\u0105. Wierzymy i wyznajemy, \u017ce to jest pierwsze i&nbsp;najwi\u0119ksze przykazanie. Drugie, kt\u00f3re jest wype\u0142nieniem pierwszego, m\u00f3wi nam o tym, aby\u015bmy kochali naszych bli\u017anich (por. Mt 22,37-40). Fundamentem Nowego Przymierza jest mi\u0142o\u015b\u0107 Boga do nas \u2013 a nasz\u0105 odpowiedzi\u0105 na ni\u0105 jest nasza mi\u0142o\u015b\u0107 do Niego i do siebie nawzajem: \u201eNowe przykazanie daj\u0119 wam, aby\u015bcie si\u0119 wzajemnie mi\u0142owali, tak jak Ja was umi\u0142owa\u0142em, aby\u015bcie si\u0119 i wy wzajemnie mi\u0142owali. Po tym wszyscy poznaj\u0105, \u017ce jeste\u015bcie uczniami moimi, je\u015bli mi\u0142o\u015b\u0107 wzajemn\u0105 mie\u0107 b\u0119dziecie\u201d (Jan 13,34-35). Tylko w Jezusie Chrystusie mo\u017cemy do\u015bwiadczy\u0107 przemiany i pe\u0142ni \u017cycia. Pragniemy d\u0105\u017cy\u0107 do u\u015bwi\u0119cenia, kt\u00f3re wierzymy oznacza chodzenie w mi\u0142o\u015bci, zgodnie z tym co czytamy w S\u0142owie Bo\u017cym: \u201eNikomu nic winni nie b\u0105d\u017acie pr\u00f3cz mi\u0142o\u015bci wzajemnej; kto bowiem mi\u0142uje bli\u017aniego, ten zakon wype\u0142ni\u0142\u201d (Rz 13,8)<\/p>\n<p>Jeste\u015bmy chrze\u015bcijanami, kt\u00f3rzy odwo\u0142uj\u0105 si\u0119 do tradycji Ko\u015bcio\u0142\u00f3w protestanckich. Jako ewangelicy pragniemy \u017cy\u0107 na co dzie\u0144 Ewangeli\u0105, czyli Dobr\u0105 Nowin\u0105 o mi\u0142o\u015bci Boga do nas. Jako metody\u015bci, pragniemy ci\u0105gle powraca\u0107 do do\u015bwiadczenia rozgrzanego serca. Jako protestanci przywo\u0142ujemy w naszej pami\u0119ci pi\u0119\u0107 zasad reformacji (\u0142aci\u0144skie sola).<br \/>\nAle przede wszystkim jako chrze\u015bcijanie pragniemy wskazywa\u0107 na naszego zbawiciela \u2013 Jezusa Chrystusa!<\/p>\n<p>Pastor Waldemar D\u0105browski<\/p>\n<p><img loading=\"lazy\" decoding=\"async\" class=\" wp-image-2496\" src=\"http:\/\/metodysci.katowice.pl\/kem\/wp-content\/uploads\/2015\/11\/BN2017-300x207.jpg\" alt=\"\" width=\"547\" height=\"377\"><\/p>\n","protected":false},"excerpt":{"rendered":"<p>Kim jeste\u015bmy? Jeste\u015bmy Wsp\u00f3lnot\u0105, kt\u00f3ra pragnie prze\u017cywa\u0107 i dzieli\u0107 si\u0119 do\u015bwiadczeniem mi\u0142o\u015bci naszego Zbawiciela Jezusa Chrystusa. Do\u015bwiadczyli\u015bmy cudownej \u0142aski na kt\u00f3r\u0105 nikt z nas nie zas\u0142u\u017cy\u0142, dlatego chcemy czyni\u0107 to, do czego wzywa nas S\u0142owo Bo\u017ce. Zgodnie z&nbsp;poleceniem Jezusa mamy kocha\u0107 Pana Boga ca\u0142ym naszym sercem, ca\u0142\u0105 nasz\u0105 dusz\u0105, ca\u0142ym swoim umys\u0142em i ca\u0142\u0105 swoj\u0105 [&hellip;]<\/p>\n","protected":false},"author":3,"featured_media":0,"parent":0,"menu_order":10,"comment_status":"closed","ping_status":"closed","template":"","meta":{"ngg_post_thumbnail":0,"footnotes":""},"_links":{"self":[{"href":"http:\/\/metodysci.katowice.pl\/kem\/wp-json\/wp\/v2\/pages\/8"}],"collection":[{"href":"http:\/\/metodysci.katowice.pl\/kem\/wp-json\/wp\/v2\/pages"}],"about":[{"href":"http:\/\/metodysci.katowice.pl\/kem\/wp-json\/wp\/v2\/types\/page"}],"author":[{"embeddable":true,"href":"http:\/\/metodysci.katowice.pl\/kem\/wp-json\/wp\/v2\/users\/3"}],"replies":[{"embeddable":true,"href":"http:\/\/metodysci.katowice.pl\/kem\/wp-json\/wp\/v2\/comments?post=8"}],"version-history":[{"count":8,"href":"http:\/\/metodysci.katowice.pl\/kem\/wp-json\/wp\/v2\/pages\/8\/revisions"}],"predecessor-version":[{"id":2497,"href":"http:\/\/metodysci.katowice.pl\/kem\/wp-json\/wp\/v2\/pages\/8\/revisions\/2497"}],"wp:attachment":[{"href":"http:\/\/metodysci.katowice.pl\/kem\/wp-json\/wp\/v2\/media?parent=8"}],"curies":[{"name":"wp","href":"https:\/\/api.w.org\/{rel}","templated":true}]}}